{"id":966,"date":"2025-12-17T14:06:54","date_gmt":"2025-12-17T13:06:54","guid":{"rendered":"https:\/\/www.androtetfils.fr\/mentions-legales\/"},"modified":"2026-04-21T10:02:24","modified_gmt":"2026-04-21T08:02:24","slug":"legal-notice","status":"publish","type":"page","link":"https:\/\/www.androtetfils.fr\/en\/legal-notice\/","title":{"rendered":"Legal Notice"},"content":{"rendered":"\n<h1 class=\"wp-block-heading has-text-align-center\">Legal Notice<\/h1>\n\n\n\n<h2 class=\"wp-block-heading\">Company Information<\/h2>\n\n\n\n<p>Company name: SBN Androt Antiquit\u00e9s SARL unipersonnel<br>Registered address: 31 Boulevard G\u00e9n\u00e9ral Leclerc, 06310 Beaulieu-sur-mer, France.<br>Phone: +33 (0)4 93 01 03 56<br>Email: <a href=\"mailto:co&#110;&#116;ac&#116;&#64;&#97;&#110;&#100;ro&#116;et&#102;ils.&#102;r\">cont&#97;ct&#64;a&#110;dr&#111;&#116;e&#116;&#102;&#105;ls&#46;&#102;&#114;<\/a><br>Editor-in-chief \/ Publisher: S\u00e9bastien Androt<br>SIRET number: 508 702 719 00016<br>Registered with the Nice Trade and Companies Register (RCS) under number B 508 702 719<\/p>\n\n\n\n<h2 class=\"wp-block-heading\">Website Hosting<\/h2>\n\n\n\n<p>Hosting provider: OVH<br>2 rue Kellerman<br>Roubaix \u2013 France<br>Website: https:\/\/www.ovh.com\/<\/p>\n\n\n\n<h2 class=\"wp-block-heading\">Design &#038; Development<\/h2>\n\n\n\n<p>ComDZ Agency<br>Address: 9 place Garibaldi \u2013 06300 Nice<br>Phone: 04 93 34 18 68<br>Website: https:\/\/www.comdz.fr\/<\/p>\n\n\n\n<h2 class=\"wp-block-heading\">Photo Credits<\/h2>\n\n\n\n<p>The visual elements integrated on this website were produced by ComDZ. Some visual elements may also originate from the Istock image library and from SBN Androt Antiquit\u00e9s SARL.<\/p>\n\n\n\n<h2 class=\"wp-block-heading\">Disclaimer<\/h2>\n\n\n\n<p>The information contained on the website <a href=\"https:\/\/www.androtetfils.fr\/en\/\">https:\/\/www.androtetfils.fr<\/a> is provided for informational purposes only and is not contractually binding. We strive to ensure the accuracy and currency of the information published on this website, and we reserve the right to correct its content at any time and without prior notice. This content is non-exhaustive. SBN Androt Antiquit\u00e9s SARL disclaims all liability for any errors, inaccuracies, or omissions in the information provided.<\/p>\n\n\n\n<h2 class=\"wp-block-heading\">Intellectual Property<\/h2>\n\n\n\n<p>This website and its various components are protected by intellectual and industrial property law. Accordingly, any representation, reproduction, or more generally any exploitation, by any means whatsoever, of all or part of this website (its general structure, photographs, information, icons, logos, and graphics), without the prior written authorisation of SBN Androt Antiquit\u00e9s SARL, is strictly prohibited. The information contained on this website is intended exclusively for private use. Reproduction of any document published on <a href=\"https:\/\/www.androtetfils.fr\/en\/\">https:\/\/www.androtetfils.fr<\/a> and the use of copies thereof is permitted solely for informational purposes for personal and private use.<\/p>\n","protected":false},"excerpt":{"rendered":"<p>Legal Notice Company Information Company name: SBN Androt Antiquit\u00e9s SARL unipersonnelRegistered address: 31 Boulevard G\u00e9n\u00e9ral Leclerc, 06310 Beaulieu-sur-mer, France.Phone: +33 (0)4 93 01 03 56Email: Editor-in-chief \/ Publisher: S\u00e9bastien AndrotSIRET number: 508 702 719 00016Registered with the Nice Trade and Companies Register (RCS) under number B 508 702 719 Website Hosting Hosting provider: OVH2 rue [&hellip;]<\/p>\n","protected":false},"author":1,"featured_media":0,"parent":0,"menu_order":0,"comment_status":"closed","ping_status":"closed","template":"templates\/template-legal.php","meta":{"_acf_changed":false,"_seopress_robots_primary_cat":"","_seopress_titles_title":"","_seopress_titles_desc":"","_seopress_robots_index":"","inline_featured_image":false,"footnotes":""},"class_list":["post-966","page","type-page","status-publish","hentry"],"acf":[],"_links":{"self":[{"href":"https:\/\/www.androtetfils.fr\/en\/wp-json\/wp\/v2\/pages\/966","targetHints":{"allow":["GET"]}}],"collection":[{"href":"https:\/\/www.androtetfils.fr\/en\/wp-json\/wp\/v2\/pages"}],"about":[{"href":"https:\/\/www.androtetfils.fr\/en\/wp-json\/wp\/v2\/types\/page"}],"author":[{"embeddable":true,"href":"https:\/\/www.androtetfils.fr\/en\/wp-json\/wp\/v2\/users\/1"}],"replies":[{"embeddable":true,"href":"https:\/\/www.androtetfils.fr\/en\/wp-json\/wp\/v2\/comments?post=966"}],"version-history":[{"count":4,"href":"https:\/\/www.androtetfils.fr\/en\/wp-json\/wp\/v2\/pages\/966\/revisions"}],"predecessor-version":[{"id":993,"href":"https:\/\/www.androtetfils.fr\/en\/wp-json\/wp\/v2\/pages\/966\/revisions\/993"}],"wp:attachment":[{"href":"https:\/\/www.androtetfils.fr\/en\/wp-json\/wp\/v2\/media?parent=966"}],"curies":[{"name":"wp","href":"https:\/\/api.w.org\/{rel}","templated":true}]}}