{"id":910,"date":"2025-12-17T14:06:06","date_gmt":"2025-12-17T13:06:06","guid":{"rendered":"https:\/\/www.androtetfils.fr\/galerie\/"},"modified":"2026-04-21T10:14:43","modified_gmt":"2026-04-21T08:14:43","slug":"gallery","status":"publish","type":"page","link":"https:\/\/www.androtetfils.fr\/en\/gallery\/","title":{"rendered":"Gallery"},"content":{"rendered":"\n<div class=\"wp-block-cover is-light is-style-hero\" style=\"min-height:20rem;aspect-ratio:unset;\"><img alt=\"\" loading=\"lazy\" decoding=\"async\" width=\"1721\" height=\"821\" class=\"wp-block-cover__image-background wp-image-120 size-full\" alt=\"\" src=\"https:\/\/www.androtetfils.fr\/wp-content\/uploads\/2025\/12\/galerie-banner.jpg\" data-object-fit=\"cover\" srcset=\"https:\/\/www.androtetfils.fr\/wp-content\/uploads\/2025\/12\/galerie-banner.jpg 1721w, https:\/\/www.androtetfils.fr\/wp-content\/uploads\/2025\/12\/galerie-banner-300x143.jpg 300w, https:\/\/www.androtetfils.fr\/wp-content\/uploads\/2025\/12\/galerie-banner-1024x488.jpg 1024w, https:\/\/www.androtetfils.fr\/wp-content\/uploads\/2025\/12\/galerie-banner-768x366.jpg 768w, https:\/\/www.androtetfils.fr\/wp-content\/uploads\/2025\/12\/galerie-banner-1536x733.jpg 1536w\" sizes=\"(max-width: 1721px) 100vw, 1721px\" \/><span aria-hidden=\"true\" class=\"wp-block-cover__background has-background-dim-0 has-background-dim\" style=\"background-color:#a8998f\"><\/span><div class=\"wp-block-cover__inner-container has-global-padding is-layout-constrained wp-block-cover-is-layout-constrained\">\n<p class=\"has-text-align-center has-large-font-size\"><\/p>\n<\/div><\/div>\n\n\n\n<div style=\"height:var(--wp--preset--spacing--70)\" aria-hidden=\"true\" class=\"wp-block-spacer\"><\/div>\n\n\n\n<h1 class=\"wp-block-heading has-text-align-center has-color-1-color has-text-color has-link-color has-xxx-large-font-size wp-elements-9584cf8864fda5bdc00e1555cf953830\">The gallery<\/h1>\n\n\n\n<div class=\"wp-block-group alignwide-sm has-global-padding is-layout-constrained wp-block-group-is-layout-constrained\">\n<p class=\"has-text-align-center\">Through his encounters, S\u00e9bastien Androt has developed close relationships with contemporary artists whose work resonates with him and whom he is keen to showcase in his gallery. These include Youn Cho\u2019s resin figures, Alain Bellino\u2019s decorative bronze objects, Jean-Philippe Rigotti\u2019s 24-carat gold leaf engravings of felines, and Elena Di Giovanni\u2019s organic sculptures.<\/p>\n<\/div>\n\n\n\n<div style=\"height:var(--wp--preset--spacing--70)\" aria-hidden=\"true\" class=\"wp-block-spacer\"><\/div>\n\n\n\n\t<div\n\t\tclass=\"block-media-text-1 row alignwide-xxl align wp-block-acf-media-text-1\"\t>\n\n\n\n<div class=\"innerblocks\">\n\n<h2 class=\"wp-block-heading has-color-1-color has-text-color has-link-color has-bauer-bodoni-std-font-family wp-elements-9801c8dc75bef0f617dc776fde119d42\" style=\"font-style:normal;font-weight:400\">A passion for beauty, enduring and untarnished, passed down from father to son<\/h2>\n\n\n\n<p>S\u00e9bastien Androt represents the fourth generation of a family with a passion for art and fine objects. The story begins in Paris in 1930, with great-grandfather Eug\u00e8ne Androt. His two sons, Pierre and Georges, continued the family tradition by settling in Monaco in 1948, then in Beaulieu-sur-Mer, where the gallery experienced a tremendous boom in 1952, under the directon of Pierre Androt, working alongside his wife Jeanne.<\/p>\n\n\n\n<p>Very quickly, the establishment became a must-visit destination on the Riviera. It attracted numerous international figures, collectors, interior designers\u2026 The family legacy was passed to their son Pierrick in 1980, then to their grandson S\u00e9bastien in 2008, who continues to uphold its heritage while bringing a renewed perspective.<\/p>\n\n\n\n<p>While deeply attracted to antiques, he also nurtures a strong commitent to contemporary art. He invites contemporary artists to exhibit alongside historical pieces, thereby creating a dialogue between the past and the present. Since July 2025, his son Brett has joined him, continuing the family tradition.<\/p>\n\n<\/div>\n\n\n\n<div class=\"media-text-1-media\">\n\n\t\t\t<figure class=\"img-cover ratio-6-5\">\n\t\t\t<img decoding=\"async\" width=\"1557\" height=\"1191\" src=\"https:\/\/www.androtetfils.fr\/wp-content\/uploads\/2026\/03\/galerie-androt-415-web-portraits.jpg\" class=\"attachment-full size-full\" alt=\"\" loading=\"lazy\" srcset=\"https:\/\/www.androtetfils.fr\/wp-content\/uploads\/2026\/03\/galerie-androt-415-web-portraits.jpg 1557w, https:\/\/www.androtetfils.fr\/wp-content\/uploads\/2026\/03\/galerie-androt-415-web-portraits-300x229.jpg 300w, https:\/\/www.androtetfils.fr\/wp-content\/uploads\/2026\/03\/galerie-androt-415-web-portraits-1024x783.jpg 1024w, https:\/\/www.androtetfils.fr\/wp-content\/uploads\/2026\/03\/galerie-androt-415-web-portraits-768x587.jpg 768w, https:\/\/www.androtetfils.fr\/wp-content\/uploads\/2026\/03\/galerie-androt-415-web-portraits-1536x1175.jpg 1536w\" sizes=\"(max-width: 1557px) 100vw, 1557px\" \/>\t\t<\/figure>\n\t\n\n\t\t\t<div class=\"legende\">This venue stands as a singular space where the craftsmanship of past centuries meets contemporary creativity, honouring its heritage while seeking new perspectives and discoveries. The gallery is now renowned for its refined selection of prestigious furniture and objets d\u2019art.<\/div>\n\t\t\n\n<\/div>\n\n\n\n\n\t\n\t<\/div>\n\n\n\n<div style=\"height:var(--wp--preset--spacing--50)\" aria-hidden=\"true\" class=\"wp-block-spacer\"><\/div>\n\n\n\n\t<div\n\t\tclass=\"block-media-text-2 alignwide-xxl align wp-block-acf-media-text-2\"\t>\n\n\n\n\n\t<figure class=\"img-cover ratio-1-1\">\n\t\t<img decoding=\"async\" width=\"1647\" height=\"1587\" src=\"https:\/\/www.androtetfils.fr\/wp-content\/uploads\/2026\/03\/galerie-androt-031-web-interieur.jpg\" class=\"attachment-full size-full\" alt=\"\" loading=\"lazy\" srcset=\"https:\/\/www.androtetfils.fr\/wp-content\/uploads\/2026\/03\/galerie-androt-031-web-interieur.jpg 1647w, https:\/\/www.androtetfils.fr\/wp-content\/uploads\/2026\/03\/galerie-androt-031-web-interieur-300x289.jpg 300w, https:\/\/www.androtetfils.fr\/wp-content\/uploads\/2026\/03\/galerie-androt-031-web-interieur-1024x987.jpg 1024w, https:\/\/www.androtetfils.fr\/wp-content\/uploads\/2026\/03\/galerie-androt-031-web-interieur-768x740.jpg 768w, https:\/\/www.androtetfils.fr\/wp-content\/uploads\/2026\/03\/galerie-androt-031-web-interieur-1536x1480.jpg 1536w\" sizes=\"(max-width: 1647px) 100vw, 1647px\" \/>\t<\/figure>\n\n<div class=\"content-wrapper\">\n\t<div class=\"innerblocks\">\n\n<h2 class=\"wp-block-heading has-color-1-color has-text-color has-link-color has-bauer-bodoni-std-font-family wp-elements-2e4a8b4ecc7d3ee1cd3b1ea36588dc1e\" style=\"font-style:normal;font-weight:400\">Furniture and works of art<\/h2>\n\n\n\n<p>The androt et fils gallery offers a collection of unique pieces dating from the 17th century to the early 20th century, with a particular focus on 18th-century french antiques. From the reign of louis xiv to the empire period, these antiques elegantly combine exceptional craftsmanship with precious materials<\/p>\n\n<\/div>\n<\/div>\n\n\n\n\n\n\n\t\n\t<\/div>\n\n\n\n<div style=\"height:var(--wp--preset--spacing--50)\" aria-hidden=\"true\" class=\"wp-block-spacer\"><\/div>\n\n\n\n<div class=\"wp-block-group has-global-padding is-layout-constrained wp-block-group-is-layout-constrained\">\n<div class=\"wp-block-columns is-layout-flex wp-container-core-columns-is-layout-28f84493 wp-block-columns-is-layout-flex\">\n<div class=\"wp-block-column is-vertically-aligned-center is-layout-flow wp-block-column-is-layout-flow\">\n<h3 class=\"wp-block-heading has-color-1-color has-text-color has-link-color has-bauer-bodoni-std-font-family has-x-large-font-size wp-elements-108bc674a1442b1dce1f9d8f831f4c5b\" style=\"font-style:normal;font-weight:400\">Between exhibitions, discoveries and encounters<\/h3>\n<\/div>\n\n\n\n<div class=\"wp-block-column is-layout-flow wp-block-column-is-layout-flow\">\n<p>Antiques, objects and works of art coexist with effortless ease within the 200 m\u00b2 of the androt gallery in beaulieu-sur-mer. With a constant attention to detail, s\u00e9bastien androt invites art enthusiasts to discover a curatorial vision that skilfully blends antique pieces with contemporary art. This approach began with the special collaboration he initiated in 2008 by exhibiting the artist louis cane.<\/p>\n\n\n\n<p>The gallery owner creates a sense of surprise, his installations serving as a bridge between 18th-century france and contemporary art, offering collectors the opportunity to explore new artistic worlds.<\/p>\n\n\n\n<p>This exhibition space naturally stands out as a meeting place for collectors, art lovers and interior designers who share the same passion.<\/p>\n<\/div>\n<\/div>\n<\/div>\n\n\n\n<div style=\"height:var(--wp--preset--spacing--80)\" aria-hidden=\"true\" class=\"wp-block-spacer\"><\/div>\n\n\n\n<div class=\"wp-block-cover is-light is-style-ratio-widescreen\"><img alt=\"\" loading=\"lazy\" decoding=\"async\" width=\"1024\" height=\"437\" class=\"wp-block-cover__image-background wp-image-194 size-large\" alt=\"\" src=\"https:\/\/www.androtetfils.fr\/wp-content\/uploads\/2025\/12\/banner-louis-cane-1024x437.jpg\" data-object-fit=\"cover\" srcset=\"https:\/\/www.androtetfils.fr\/wp-content\/uploads\/2025\/12\/banner-louis-cane-1024x437.jpg 1024w, https:\/\/www.androtetfils.fr\/wp-content\/uploads\/2025\/12\/banner-louis-cane-300x128.jpg 300w, https:\/\/www.androtetfils.fr\/wp-content\/uploads\/2025\/12\/banner-louis-cane-768x328.jpg 768w, https:\/\/www.androtetfils.fr\/wp-content\/uploads\/2025\/12\/banner-louis-cane-1536x656.jpg 1536w, https:\/\/www.androtetfils.fr\/wp-content\/uploads\/2025\/12\/banner-louis-cane.jpg 1920w\" sizes=\"(max-width: 1024px) 100vw, 1024px\" \/><span aria-hidden=\"true\" class=\"wp-block-cover__background has-black-background-color has-background-dim-20 has-background-dim\"><\/span><div class=\"wp-block-cover__inner-container has-global-padding is-layout-constrained wp-block-cover-is-layout-constrained\">\n<h2 class=\"wp-block-heading has-text-align-center has-white-color has-text-color has-link-color has-bauer-bodoni-std-font-family has-xxxx-large-font-size wp-elements-6afc4fc5317b77f663f019dd8b185ae4\" style=\"font-style:normal;font-weight:400\">LOUIS CANE<\/h2>\n\n\n\n<div class=\"wp-block-buttons is-content-justification-center is-layout-flex wp-container-core-buttons-is-layout-a89b3969 wp-block-buttons-is-layout-flex\">\n<div class=\"wp-block-button\"><a class=\"wp-block-button__link wp-element-button\" href=\"https:\/\/www.androtetfils.fr\/en\/artists\/\">Discover our artists<\/a><\/div>\n<\/div>\n<\/div><\/div>\n\n\n\n<div style=\"height:var(--wp--preset--spacing--70)\" aria-hidden=\"true\" class=\"wp-block-spacer\"><\/div>\n\n\n\n\t<div\n\t\tclass=\"block-artists-list alignwide-xxxl align wp-block-acf-artists-list\"\t>\n\n\n\n<div class=\"innerblocks\">\n\n<h2 class=\"wp-block-heading\">Our artists<\/h2>\n\n<\/div>\n\n\t<ul class=\"posts artists-list\">\n\t\t\n\t\t\t\t<li id=\"post-1037\" class=\"post-1037 artist type-artist status-publish has-post-thumbnail hentry\">\t\t\t\t\t\t\n\t\t\t\t\t<h3 class=\"wp-block-heading\">\n\t\t\t\t\t\t<a href=\"https:\/\/www.androtetfils.fr\/en\/artists\/louis-cane\/\">\n\t\t\t\t\t\t\tLouis Cane\t\t\t\t\t\t<\/a>\n\t\t\t\t\t<\/h3>\n\t\t\t\t<\/li>\n\n\t\t\t\t\n\t\t\t\t<li id=\"post-1039\" class=\"post-1039 artist type-artist status-publish has-post-thumbnail hentry\">\t\t\t\t\t\t\n\t\t\t\t\t<h3 class=\"wp-block-heading\">\n\t\t\t\t\t\t<a href=\"https:\/\/www.androtetfils.fr\/en\/artists\/alain-bellino\/\">\n\t\t\t\t\t\t\tAlain Bellino\t\t\t\t\t\t<\/a>\n\t\t\t\t\t<\/h3>\n\t\t\t\t<\/li>\n\n\t\t\t\t\n\t\t\t\t<li id=\"post-1042\" class=\"post-1042 artist type-artist status-publish has-post-thumbnail hentry\">\t\t\t\t\t\t\n\t\t\t\t\t<h3 class=\"wp-block-heading\">\n\t\t\t\t\t\t<a href=\"https:\/\/www.androtetfils.fr\/en\/artists\/jean-charles-rodriguez\/\">\n\t\t\t\t\t\t\tJean-Charles Rodriguez\t\t\t\t\t\t<\/a>\n\t\t\t\t\t<\/h3>\n\t\t\t\t<\/li>\n\n\t\t\t\t\n\t\t\t\t<li id=\"post-1045\" class=\"post-1045 artist type-artist status-publish has-post-thumbnail hentry\">\t\t\t\t\t\t\n\t\t\t\t\t<h3 class=\"wp-block-heading\">\n\t\t\t\t\t\t<a href=\"https:\/\/www.androtetfils.fr\/en\/artists\/laurence-jenkell\/\">\n\t\t\t\t\t\t\tLaurence Jenkell\t\t\t\t\t\t<\/a>\n\t\t\t\t\t<\/h3>\n\t\t\t\t<\/li>\n\n\t\t\t\t\n\t\t\t\t<li id=\"post-1048\" class=\"post-1048 artist type-artist status-publish has-post-thumbnail hentry\">\t\t\t\t\t\t\n\t\t\t\t\t<h3 class=\"wp-block-heading\">\n\t\t\t\t\t\t<a href=\"https:\/\/www.androtetfils.fr\/en\/artists\/jean-claude-novaro\/\">\n\t\t\t\t\t\t\tJean-Claude Novaro\t\t\t\t\t\t<\/a>\n\t\t\t\t\t<\/h3>\n\t\t\t\t<\/li>\n\n\t\t\t\t\n\t\t\t\t<li id=\"post-1050\" class=\"post-1050 artist type-artist status-publish has-post-thumbnail hentry\">\t\t\t\t\t\t\n\t\t\t\t\t<h3 class=\"wp-block-heading\">\n\t\t\t\t\t\t<a href=\"https:\/\/www.androtetfils.fr\/en\/artists\/jean-philippe-rigotti\/\">\n\t\t\t\t\t\t\tJean-Philippe Rigotti\t\t\t\t\t\t<\/a>\n\t\t\t\t\t<\/h3>\n\t\t\t\t<\/li>\n\n\t\t\t\t\n\t\t\t\t<li id=\"post-1053\" class=\"post-1053 artist type-artist status-publish has-post-thumbnail hentry\">\t\t\t\t\t\t\n\t\t\t\t\t<h3 class=\"wp-block-heading\">\n\t\t\t\t\t\t<a href=\"https:\/\/www.androtetfils.fr\/en\/artists\/brian-androt\/\">\n\t\t\t\t\t\t\tBrian Androt\t\t\t\t\t\t<\/a>\n\t\t\t\t\t<\/h3>\n\t\t\t\t<\/li>\n\n\t\t\t\t\n\t\t\t\t<li id=\"post-1058\" class=\"post-1058 artist type-artist status-publish has-post-thumbnail hentry\">\t\t\t\t\t\t\n\t\t\t\t\t<h3 class=\"wp-block-heading\">\n\t\t\t\t\t\t<a href=\"https:\/\/www.androtetfils.fr\/en\/artists\/youn-kyoung-cho\/\">\n\t\t\t\t\t\t\tYoun Kyoung Cho\t\t\t\t\t\t<\/a>\n\t\t\t\t\t<\/h3>\n\t\t\t\t<\/li>\n\n\t\t\t\t\n\t\t\t\t<li id=\"post-1061\" class=\"post-1061 artist type-artist status-publish has-post-thumbnail hentry\">\t\t\t\t\t\t\n\t\t\t\t\t<h3 class=\"wp-block-heading\">\n\t\t\t\t\t\t<a href=\"https:\/\/www.androtetfils.fr\/en\/artists\/elena-di-giovanni\/\">\n\t\t\t\t\t\t\tElena Di Giovanni\t\t\t\t\t\t<\/a>\n\t\t\t\t\t<\/h3>\n\t\t\t\t<\/li>\n\n\t\t\t\t\t<\/ul>\n\n\n\n\n\t\n\t<\/div>\n\n\n\n<div style=\"height:var(--wp--preset--spacing--70)\" aria-hidden=\"true\" class=\"wp-block-spacer\"><\/div>\n\n\n\n<div class=\"wp-block-group is-layout-flow wp-block-group-is-layout-flow\">\n<h2 class=\"wp-block-heading letter-spacing-100 padding-left-col-gap has-poppins-font-family has-xxx-large-font-size\" style=\"font-style:normal;font-weight:700\">photos gallery<\/h2>\n\n\n\n<figure class=\"wp-block-gallery has-nested-images columns-default is-cropped alignwide-xxl wp-block-gallery-1 is-layout-flex wp-block-gallery-is-layout-flex\">\n<figure class=\"wp-block-image size-large\"><img alt=\"\" loading=\"lazy\" decoding=\"async\" width=\"1024\" height=\"683\" data-id=\"841\" src=\"https:\/\/www.androtetfils.fr\/wp-content\/uploads\/2026\/04\/galerie-androt-089-web-ambiance-1024x683.jpg\" alt=\"\" class=\"wp-image-841\" style=\"aspect-ratio:3\/2\" srcset=\"https:\/\/www.androtetfils.fr\/wp-content\/uploads\/2026\/04\/galerie-androt-089-web-ambiance-1024x683.jpg 1024w, https:\/\/www.androtetfils.fr\/wp-content\/uploads\/2026\/04\/galerie-androt-089-web-ambiance-300x200.jpg 300w, https:\/\/www.androtetfils.fr\/wp-content\/uploads\/2026\/04\/galerie-androt-089-web-ambiance-768x512.jpg 768w, https:\/\/www.androtetfils.fr\/wp-content\/uploads\/2026\/04\/galerie-androt-089-web-ambiance-1536x1024.jpg 1536w, https:\/\/www.androtetfils.fr\/wp-content\/uploads\/2026\/04\/galerie-androt-089-web-ambiance-2048x1366.jpg 2048w\" sizes=\"(max-width: 1024px) 100vw, 1024px\" \/><\/figure>\n\n\n\n<figure class=\"wp-block-image size-large\"><img alt=\"\" loading=\"lazy\" decoding=\"async\" width=\"1024\" height=\"655\" data-id=\"486\" src=\"https:\/\/www.androtetfils.fr\/wp-content\/uploads\/2026\/01\/p2-1024x655.jpg\" alt=\"\" class=\"wp-image-486\" style=\"aspect-ratio:3\/2\" srcset=\"https:\/\/www.androtetfils.fr\/wp-content\/uploads\/2026\/01\/p2-1024x655.jpg 1024w, https:\/\/www.androtetfils.fr\/wp-content\/uploads\/2026\/01\/p2-300x192.jpg 300w, https:\/\/www.androtetfils.fr\/wp-content\/uploads\/2026\/01\/p2-768x491.jpg 768w, https:\/\/www.androtetfils.fr\/wp-content\/uploads\/2026\/01\/p2.jpg 1072w\" sizes=\"(max-width: 1024px) 100vw, 1024px\" \/><\/figure>\n\n\n\n<figure class=\"wp-block-image size-large\"><img alt=\"\" loading=\"lazy\" decoding=\"async\" width=\"1024\" height=\"655\" data-id=\"485\" src=\"https:\/\/www.androtetfils.fr\/wp-content\/uploads\/2026\/01\/p3-1024x655.jpg\" alt=\"\" class=\"wp-image-485\" style=\"aspect-ratio:3\/2\" srcset=\"https:\/\/www.androtetfils.fr\/wp-content\/uploads\/2026\/01\/p3-1024x655.jpg 1024w, https:\/\/www.androtetfils.fr\/wp-content\/uploads\/2026\/01\/p3-300x192.jpg 300w, https:\/\/www.androtetfils.fr\/wp-content\/uploads\/2026\/01\/p3-768x491.jpg 768w, https:\/\/www.androtetfils.fr\/wp-content\/uploads\/2026\/01\/p3.jpg 1072w\" sizes=\"(max-width: 1024px) 100vw, 1024px\" \/><\/figure>\n\n\n\n<figure class=\"wp-block-image size-large\"><img alt=\"\" loading=\"lazy\" decoding=\"async\" width=\"1024\" height=\"655\" data-id=\"484\" src=\"https:\/\/www.androtetfils.fr\/wp-content\/uploads\/2026\/01\/p4-1024x655.jpg\" alt=\"\" class=\"wp-image-484\" style=\"aspect-ratio:3\/2\" srcset=\"https:\/\/www.androtetfils.fr\/wp-content\/uploads\/2026\/01\/p4-1024x655.jpg 1024w, https:\/\/www.androtetfils.fr\/wp-content\/uploads\/2026\/01\/p4-300x192.jpg 300w, https:\/\/www.androtetfils.fr\/wp-content\/uploads\/2026\/01\/p4-768x491.jpg 768w, https:\/\/www.androtetfils.fr\/wp-content\/uploads\/2026\/01\/p4.jpg 1072w\" sizes=\"(max-width: 1024px) 100vw, 1024px\" \/><\/figure>\n\n\n\n<figure class=\"wp-block-image size-large\"><img alt=\"\" loading=\"lazy\" decoding=\"async\" width=\"1024\" height=\"488\" data-id=\"130\" src=\"https:\/\/www.androtetfils.fr\/wp-content\/uploads\/2025\/12\/banner-contact-1024x488.jpg\" alt=\"\" class=\"wp-image-130\" style=\"aspect-ratio:3\/2\" srcset=\"https:\/\/www.androtetfils.fr\/wp-content\/uploads\/2025\/12\/banner-contact-1024x488.jpg 1024w, https:\/\/www.androtetfils.fr\/wp-content\/uploads\/2025\/12\/banner-contact-300x143.jpg 300w, https:\/\/www.androtetfils.fr\/wp-content\/uploads\/2025\/12\/banner-contact-768x366.jpg 768w, https:\/\/www.androtetfils.fr\/wp-content\/uploads\/2025\/12\/banner-contact-1536x732.jpg 1536w, https:\/\/www.androtetfils.fr\/wp-content\/uploads\/2025\/12\/banner-contact.jpg 1720w\" sizes=\"(max-width: 1024px) 100vw, 1024px\" \/><\/figure>\n\n\n\n<figure class=\"wp-block-image size-large\"><img alt=\"\" loading=\"lazy\" decoding=\"async\" width=\"1024\" height=\"683\" data-id=\"842\" src=\"https:\/\/www.androtetfils.fr\/wp-content\/uploads\/2026\/04\/galerie-androt-213-web-ambiance-1024x683.jpg\" alt=\"\" class=\"wp-image-842\" style=\"aspect-ratio:3\/2\" srcset=\"https:\/\/www.androtetfils.fr\/wp-content\/uploads\/2026\/04\/galerie-androt-213-web-ambiance-1024x683.jpg 1024w, https:\/\/www.androtetfils.fr\/wp-content\/uploads\/2026\/04\/galerie-androt-213-web-ambiance-300x200.jpg 300w, https:\/\/www.androtetfils.fr\/wp-content\/uploads\/2026\/04\/galerie-androt-213-web-ambiance-768x512.jpg 768w, https:\/\/www.androtetfils.fr\/wp-content\/uploads\/2026\/04\/galerie-androt-213-web-ambiance-1536x1024.jpg 1536w, https:\/\/www.androtetfils.fr\/wp-content\/uploads\/2026\/04\/galerie-androt-213-web-ambiance-2048x1366.jpg 2048w\" sizes=\"(max-width: 1024px) 100vw, 1024px\" \/><\/figure>\n\n\n\n<figure class=\"wp-block-image size-large\"><img alt=\"\" loading=\"lazy\" decoding=\"async\" width=\"1024\" height=\"698\" data-id=\"844\" src=\"https:\/\/www.androtetfils.fr\/wp-content\/uploads\/2026\/04\/photo-page-accueil-site-1-1024x698.jpeg\" alt=\"\" class=\"wp-image-844\" style=\"aspect-ratio:3\/2\" srcset=\"https:\/\/www.androtetfils.fr\/wp-content\/uploads\/2026\/04\/photo-page-accueil-site-1-1024x698.jpeg 1024w, https:\/\/www.androtetfils.fr\/wp-content\/uploads\/2026\/04\/photo-page-accueil-site-1-300x204.jpeg 300w, https:\/\/www.androtetfils.fr\/wp-content\/uploads\/2026\/04\/photo-page-accueil-site-1-768x523.jpeg 768w, https:\/\/www.androtetfils.fr\/wp-content\/uploads\/2026\/04\/photo-page-accueil-site-1.jpeg 1280w\" sizes=\"(max-width: 1024px) 100vw, 1024px\" \/><\/figure>\n\n\n\n<figure class=\"wp-block-image size-large\"><img alt=\"\" loading=\"lazy\" decoding=\"async\" width=\"1024\" height=\"655\" data-id=\"468\" src=\"https:\/\/www.androtetfils.fr\/wp-content\/uploads\/2026\/01\/f8-1024x655.jpg\" alt=\"\" class=\"wp-image-468\" style=\"aspect-ratio:3\/2\" srcset=\"https:\/\/www.androtetfils.fr\/wp-content\/uploads\/2026\/01\/f8-1024x655.jpg 1024w, https:\/\/www.androtetfils.fr\/wp-content\/uploads\/2026\/01\/f8-300x192.jpg 300w, https:\/\/www.androtetfils.fr\/wp-content\/uploads\/2026\/01\/f8-768x491.jpg 768w, https:\/\/www.androtetfils.fr\/wp-content\/uploads\/2026\/01\/f8.jpg 1072w\" sizes=\"(max-width: 1024px) 100vw, 1024px\" \/><\/figure>\n\n\n\n<figure class=\"wp-block-image size-large\"><img alt=\"\" loading=\"lazy\" decoding=\"async\" width=\"1024\" height=\"655\" data-id=\"482\" src=\"https:\/\/www.androtetfils.fr\/wp-content\/uploads\/2026\/01\/p9-1024x655.jpg\" alt=\"\" class=\"wp-image-482\" style=\"aspect-ratio:3\/2\" srcset=\"https:\/\/www.androtetfils.fr\/wp-content\/uploads\/2026\/01\/p9-1024x655.jpg 1024w, https:\/\/www.androtetfils.fr\/wp-content\/uploads\/2026\/01\/p9-300x192.jpg 300w, https:\/\/www.androtetfils.fr\/wp-content\/uploads\/2026\/01\/p9-768x491.jpg 768w, https:\/\/www.androtetfils.fr\/wp-content\/uploads\/2026\/01\/p9.jpg 1072w\" sizes=\"(max-width: 1024px) 100vw, 1024px\" \/><\/figure>\n<\/figure>\n<\/div>\n\n\n\n<div style=\"height:var(--wp--preset--spacing--50)\" aria-hidden=\"true\" class=\"wp-block-spacer\"><\/div>\n\n\n\n<p><\/p>\n","protected":false},"excerpt":{"rendered":"<p>The gallery Through his encounters, S\u00e9bastien Androt has developed close relationships with contemporary artists whose work resonates with him and whom he is keen to showcase in his gallery. These include Youn Cho\u2019s resin figures, Alain Bellino\u2019s decorative bronze objects, Jean-Philippe Rigotti\u2019s 24-carat gold leaf engravings of felines, and Elena Di Giovanni\u2019s organic sculptures. Between [&hellip;]<\/p>\n","protected":false},"author":1,"featured_media":0,"parent":0,"menu_order":0,"comment_status":"closed","ping_status":"closed","template":"","meta":{"_acf_changed":false,"_seopress_robots_primary_cat":"","_seopress_titles_title":"Notre galerie | Androt & Fils \u2013 Antiquaires \u00e0 Beaulieu-sur-Mer","_seopress_titles_desc":"Depuis plusieurs g\u00e9n\u00e9rations, la Galerie Androt & Fils perp\u00e9tue un savoir-faire d\u2019antiquaire, entre exigence, regard et accompagnement d\u2019une client\u00e8le internationale.","_seopress_robots_index":"","inline_featured_image":false,"footnotes":""},"class_list":["post-910","page","type-page","status-publish","hentry"],"acf":[],"_links":{"self":[{"href":"https:\/\/www.androtetfils.fr\/en\/wp-json\/wp\/v2\/pages\/910","targetHints":{"allow":["GET"]}}],"collection":[{"href":"https:\/\/www.androtetfils.fr\/en\/wp-json\/wp\/v2\/pages"}],"about":[{"href":"https:\/\/www.androtetfils.fr\/en\/wp-json\/wp\/v2\/types\/page"}],"author":[{"embeddable":true,"href":"https:\/\/www.androtetfils.fr\/en\/wp-json\/wp\/v2\/users\/1"}],"replies":[{"embeddable":true,"href":"https:\/\/www.androtetfils.fr\/en\/wp-json\/wp\/v2\/comments?post=910"}],"version-history":[{"count":7,"href":"https:\/\/www.androtetfils.fr\/en\/wp-json\/wp\/v2\/pages\/910\/revisions"}],"predecessor-version":[{"id":1001,"href":"https:\/\/www.androtetfils.fr\/en\/wp-json\/wp\/v2\/pages\/910\/revisions\/1001"}],"wp:attachment":[{"href":"https:\/\/www.androtetfils.fr\/en\/wp-json\/wp\/v2\/media?parent=910"}],"curies":[{"name":"wp","href":"https:\/\/api.w.org\/{rel}","templated":true}]}}