{"id":1008,"date":"2025-12-17T14:05:58","date_gmt":"2025-12-17T13:05:58","guid":{"rendered":"https:\/\/www.androtetfils.fr\/evenements\/"},"modified":"2026-04-21T10:21:25","modified_gmt":"2026-04-21T08:21:25","slug":"evenements","status":"publish","type":"page","link":"https:\/\/www.androtetfils.fr\/en\/evenements\/","title":{"rendered":"Events"},"content":{"rendered":"\n<div style=\"height:var(--wp--preset--spacing--70)\" aria-hidden=\"true\" class=\"wp-block-spacer\"><\/div>\n\n\n\n<h1 class=\"wp-block-heading has-text-align-center has-color-1-color has-text-color has-link-color has-xxx-large-font-size wp-elements-c9395f12ed20b3ec695ae9c08aef5f02\">Our events<\/h1>\n\n\n\n<div class=\"wp-block-group alignwide-sm has-global-padding is-layout-constrained wp-block-group-is-layout-constrained\">\n<p class=\"has-text-align-center\">Androt gallery has long collaborated with renowned venues on the french riviera to exhibit unique works, such as la r\u00e9serve in beaulieu and le royal riviera in saint-jean-cap-ferrat.<br>These prestigious hotels provide an ideal setting for the rare pieces they showcase.<\/p>\n<\/div>\n\n\n\n<div style=\"height:var(--wp--preset--spacing--70)\" aria-hidden=\"true\" class=\"wp-block-spacer\"><\/div>\n\n\n\n\t<div\n\t\tclass=\"block-post-filtering-list alignwide-xxl align wp-block-acf-post-filtering-list\"\t>\n\n\n\n\n\n<div id=\"categ_id\" data-categ=\"all\"><\/div>\n<!-- Filters -->\n<div id=\"filters\" class=\"filters grid-item\" style=\"display:none !important;\">\n\n\t\n\t\n\t\t<div class=\"wp-block-buttons is-content-justification-center is-layout-flex wp-block-buttons-is-layout-flex\">\n\n\t\t\t<div class=\"wp-block-button is-style-rounded current-cat\"><a href=\"https:\/\/www.androtetfils.fr\/en\/evenements\/#filters\" class=\"wp-block-button__link wp-element-button\">All posts<\/a><\/div>\n\n\t\t\t\t\t\t\t<div class=\"wp-block-button is-style-rounded cat-1 \"><a href=\"https:\/\/www.androtetfils.fr\/en\/evenements\/?category=non-categorise#filters\" class=\"wp-block-button__link wp-element-button\">Non cat\u00e9goris\u00e9<\/a><\/div>\n\t\t\t\n\t\t<\/div>\n\n\t\n<\/div>\n\n\n\n\n<!-- Artworks -->\n\n\n\n\t<div class=\"posts grid grid-grid\">\n\n\t\t\n<article class=\"post-1013 post type-post status-publish format-standard has-post-thumbnail hentry category-non-categorise\" id=\"post-1013\">\n\n\t<a href=\"https:\/\/www.androtetfils.fr\/en\/laurence-jenkell-youn-cho-at-la-reserve-de-beaulieu-exhibition-until-31-october-a-selection-by-galerie-androt-fils\/\" title=\"Laurence jenkell &amp; youn cho at la r\u00e9serve de beaulieu \u2014 Exhibition until 31 october \u2014 A selection by galerie androt &amp; fils\" class=\"post-thumbnail-link\">\n\t\t<div class=\"post-thumbnail\">\n\t\t\t<img loading=\"lazy\" decoding=\"async\" width=\"1024\" height=\"601\" src=\"https:\/\/www.androtetfils.fr\/wp-content\/uploads\/2026\/04\/principale-reserve-de-beaulieu.jpg\" class=\"attachment-large size-large wp-post-image\" alt=\"\" srcset=\"https:\/\/www.androtetfils.fr\/wp-content\/uploads\/2026\/04\/principale-reserve-de-beaulieu.jpg 1024w, https:\/\/www.androtetfils.fr\/wp-content\/uploads\/2026\/04\/principale-reserve-de-beaulieu-300x176.jpg 300w, https:\/\/www.androtetfils.fr\/wp-content\/uploads\/2026\/04\/principale-reserve-de-beaulieu-768x451.jpg 768w\" sizes=\"(max-width: 1024px) 100vw, 1024px\" \/>\t\t<\/div>\n\t<\/a>\n\n\t<div class=\"post-content\">\n\n\t\t<a href=\"https:\/\/www.androtetfils.fr\/en\/laurence-jenkell-youn-cho-at-la-reserve-de-beaulieu-exhibition-until-31-october-a-selection-by-galerie-androt-fils\/\" title=\"Laurence jenkell &amp; youn cho at la r\u00e9serve de beaulieu \u2014 Exhibition until 31 october \u2014 A selection by galerie androt &amp; fils\" class=\"title-link\">\n\t\t\t<h2 class=\"title\">Laurence jenkell &amp; youn cho at la&#8230;<\/h2>\n\t\t<\/a>\n\n\t\t\n\t\t<p class=\"post-excerpt\">\n\t\t\tIn keeping with its curatorial approach, androt &amp; fils gallery is presenting an exhibition at la r\u00e9serve de beaulieu bringing together the&#8230;\t\t<\/p>\n\n\t\t\n\t<\/div>\n\n<\/article><!-- #post-1013 -->\n\n<article class=\"post-1016 post type-post status-publish format-standard has-post-thumbnail hentry category-non-categorise\" id=\"post-1016\">\n\n\t<a href=\"https:\/\/www.androtetfils.fr\/en\/laurence-jenkell-at-the-royal-riviera-saint-jean-cap-ferrat-exhibition-until-31-october-an-initiative-by-the-androt-fils-gallery\/\" title=\"Laurence jenkell at the royal riviera, saint-jean-cap-ferrat \u2014 Exhibition until 31 october \u2014 An initiative by the androt &amp; fils gallery\" class=\"post-thumbnail-link\">\n\t\t<div class=\"post-thumbnail\">\n\t\t\t<img loading=\"lazy\" decoding=\"async\" width=\"1024\" height=\"559\" src=\"https:\/\/www.androtetfils.fr\/wp-content\/uploads\/2026\/03\/laurence-photo-paysage-1024x559.jpg\" class=\"attachment-large size-large wp-post-image\" alt=\"\" srcset=\"https:\/\/www.androtetfils.fr\/wp-content\/uploads\/2026\/03\/laurence-photo-paysage-1024x559.jpg 1024w, https:\/\/www.androtetfils.fr\/wp-content\/uploads\/2026\/03\/laurence-photo-paysage-300x164.jpg 300w, https:\/\/www.androtetfils.fr\/wp-content\/uploads\/2026\/03\/laurence-photo-paysage-768x419.jpg 768w, https:\/\/www.androtetfils.fr\/wp-content\/uploads\/2026\/03\/laurence-photo-paysage.jpg 1100w\" sizes=\"(max-width: 1024px) 100vw, 1024px\" \/>\t\t<\/div>\n\t<\/a>\n\n\t<div class=\"post-content\">\n\n\t\t<a href=\"https:\/\/www.androtetfils.fr\/en\/laurence-jenkell-at-the-royal-riviera-saint-jean-cap-ferrat-exhibition-until-31-october-an-initiative-by-the-androt-fils-gallery\/\" title=\"Laurence jenkell at the royal riviera, saint-jean-cap-ferrat \u2014 Exhibition until 31 october \u2014 An initiative by the androt &amp; fils gallery\" class=\"title-link\">\n\t\t\t<h2 class=\"title\">Laurence jenkell at the royal riviera,&#8230;<\/h2>\n\t\t<\/a>\n\n\t\t\n\t\t<p class=\"post-excerpt\">\n\t\t\tThrough its projects, androt &amp; fils gallery affirms a unique perspective, where art is conceived in harmony with exceptional venues The&#8230;\t\t<\/p>\n\n\t\t\n\t<\/div>\n\n<\/article><!-- #post-1016 -->\n\n<article class=\"post-1019 post type-post status-publish format-standard has-post-thumbnail hentry category-non-categorise\" id=\"post-1019\">\n\n\t<a href=\"https:\/\/www.androtetfils.fr\/en\/louis-cane-at-the-pad-paris-from-8-to-12-april-a-perspective-presented-by-the-androt-fils-galler\/\" title=\"Louis cane at the pad paris from 8 to 12 april \u2014 a perspective presented by the androt &amp; fils galler\" class=\"post-thumbnail-link\">\n\t\t<div class=\"post-thumbnail\">\n\t\t\t<img loading=\"lazy\" decoding=\"async\" width=\"1024\" height=\"538\" src=\"https:\/\/www.androtetfils.fr\/wp-content\/uploads\/2026\/04\/louis-cane-1024x538.jpg\" class=\"attachment-large size-large wp-post-image\" alt=\"\" srcset=\"https:\/\/www.androtetfils.fr\/wp-content\/uploads\/2026\/04\/louis-cane-1024x538.jpg 1024w, https:\/\/www.androtetfils.fr\/wp-content\/uploads\/2026\/04\/louis-cane-300x158.jpg 300w, https:\/\/www.androtetfils.fr\/wp-content\/uploads\/2026\/04\/louis-cane-768x403.jpg 768w, https:\/\/www.androtetfils.fr\/wp-content\/uploads\/2026\/04\/louis-cane.jpg 1200w\" sizes=\"(max-width: 1024px) 100vw, 1024px\" \/>\t\t<\/div>\n\t<\/a>\n\n\t<div class=\"post-content\">\n\n\t\t<a href=\"https:\/\/www.androtetfils.fr\/en\/louis-cane-at-the-pad-paris-from-8-to-12-april-a-perspective-presented-by-the-androt-fils-galler\/\" title=\"Louis cane at the pad paris from 8 to 12 april \u2014 a perspective presented by the androt &amp; fils galler\" class=\"title-link\">\n\t\t\t<h2 class=\"title\">Louis cane at the pad paris from 8 to&#8230;<\/h2>\n\t\t<\/a>\n\n\t\t\n\t\t<p class=\"post-excerpt\">\n\t\t\tThrough its selection of artists, the androt &amp; fils gallery embodies a perspective rooted as much in art history as in contemporary creation&#8230;\t\t<\/p>\n\n\t\t\n\t<\/div>\n\n<\/article><!-- #post-1019 -->\n\n<article class=\"post-1022 post type-post status-publish format-standard has-post-thumbnail hentry category-non-categorise\" id=\"post-1022\">\n\n\t<a href=\"https:\/\/www.androtetfils.fr\/en\/androt-fils-gallery-a-new-website-to-extend-the-gallerys-vision\/\" title=\"Androt &amp; fils gallery: a new website to extend the gallery\u2019s vision\" class=\"post-thumbnail-link\">\n\t\t<div class=\"post-thumbnail\">\n\t\t\t<img loading=\"lazy\" decoding=\"async\" width=\"1024\" height=\"512\" src=\"https:\/\/www.androtetfils.fr\/wp-content\/uploads\/2026\/03\/galerie-androt-1024x512.jpg\" class=\"attachment-large size-large wp-post-image\" alt=\"\" srcset=\"https:\/\/www.androtetfils.fr\/wp-content\/uploads\/2026\/03\/galerie-androt-1024x512.jpg 1024w, https:\/\/www.androtetfils.fr\/wp-content\/uploads\/2026\/03\/galerie-androt-300x150.jpg 300w, https:\/\/www.androtetfils.fr\/wp-content\/uploads\/2026\/03\/galerie-androt-768x384.jpg 768w, https:\/\/www.androtetfils.fr\/wp-content\/uploads\/2026\/03\/galerie-androt-1536x768.jpg 1536w, https:\/\/www.androtetfils.fr\/wp-content\/uploads\/2026\/03\/galerie-androt-2048x1024.jpg 2048w\" sizes=\"(max-width: 1024px) 100vw, 1024px\" \/>\t\t<\/div>\n\t<\/a>\n\n\t<div class=\"post-content\">\n\n\t\t<a href=\"https:\/\/www.androtetfils.fr\/en\/androt-fils-gallery-a-new-website-to-extend-the-gallerys-vision\/\" title=\"Androt &amp; fils gallery: a new website to extend the gallery\u2019s vision\" class=\"title-link\">\n\t\t\t<h2 class=\"title\">Androt &amp; fils gallery: a new&#8230;<\/h2>\n\t\t<\/a>\n\n\t\t\n\t\t<p class=\"post-excerpt\">\n\t\t\tToday, androt &amp; fils gallery unveils its new website, designed as a natural extension of its world More than a simple showcase, this platform&#8230;\t\t<\/p>\n\n\t\t\n\t<\/div>\n\n<\/article><!-- #post-1022 -->\n\n\t<\/div>\n\n\t<div class=\"clear-both\"><\/div>\n\n\t\n\t\n\n\n\n\n\n\t\n\t<\/div>\n\n\n\n<figure class=\"wp-block-image size-full is-style-ratio-widescreen\"><img alt=\"\" loading=\"lazy\" decoding=\"async\" width=\"1921\" height=\"821\" src=\"https:\/\/www.androtetfils.fr\/wp-content\/uploads\/2025\/12\/banner-event-2.jpg\" alt=\"\" class=\"wp-image-189\" srcset=\"https:\/\/www.androtetfils.fr\/wp-content\/uploads\/2025\/12\/banner-event-2.jpg 1921w, https:\/\/www.androtetfils.fr\/wp-content\/uploads\/2025\/12\/banner-event-2-300x128.jpg 300w, https:\/\/www.androtetfils.fr\/wp-content\/uploads\/2025\/12\/banner-event-2-1024x438.jpg 1024w, https:\/\/www.androtetfils.fr\/wp-content\/uploads\/2025\/12\/banner-event-2-768x328.jpg 768w, https:\/\/www.androtetfils.fr\/wp-content\/uploads\/2025\/12\/banner-event-2-1536x656.jpg 1536w\" sizes=\"(max-width: 1921px) 100vw, 1921px\" \/><\/figure>\n","protected":false},"excerpt":{"rendered":"<p>Our events Androt gallery has long collaborated with renowned venues on the french riviera to exhibit unique works, such as la r\u00e9serve in beaulieu and le royal riviera in saint-jean-cap-ferrat.These prestigious hotels provide an ideal setting for the rare pieces they showcase.<\/p>\n","protected":false},"author":1,"featured_media":0,"parent":0,"menu_order":0,"comment_status":"closed","ping_status":"closed","template":"","meta":{"_acf_changed":false,"_seopress_robots_primary_cat":"","_seopress_titles_title":"Expositions & \u00e9v\u00e9nements | Galerie Androt & Fils \u2013 Beaulieu-sur-Mer","_seopress_titles_desc":"Retrouvez les expositions, vernissages et \u00e9v\u00e9nements organis\u00e9s par la Galerie Androt & Fils, au c\u0153ur de Beaulieu-sur-Mer et sur la sc\u00e8ne artistique internationale.","_seopress_robots_index":"","inline_featured_image":false,"footnotes":""},"class_list":["post-1008","page","type-page","status-publish","hentry"],"acf":[],"_links":{"self":[{"href":"https:\/\/www.androtetfils.fr\/en\/wp-json\/wp\/v2\/pages\/1008","targetHints":{"allow":["GET"]}}],"collection":[{"href":"https:\/\/www.androtetfils.fr\/en\/wp-json\/wp\/v2\/pages"}],"about":[{"href":"https:\/\/www.androtetfils.fr\/en\/wp-json\/wp\/v2\/types\/page"}],"author":[{"embeddable":true,"href":"https:\/\/www.androtetfils.fr\/en\/wp-json\/wp\/v2\/users\/1"}],"replies":[{"embeddable":true,"href":"https:\/\/www.androtetfils.fr\/en\/wp-json\/wp\/v2\/comments?post=1008"}],"version-history":[{"count":2,"href":"https:\/\/www.androtetfils.fr\/en\/wp-json\/wp\/v2\/pages\/1008\/revisions"}],"predecessor-version":[{"id":1012,"href":"https:\/\/www.androtetfils.fr\/en\/wp-json\/wp\/v2\/pages\/1008\/revisions\/1012"}],"wp:attachment":[{"href":"https:\/\/www.androtetfils.fr\/en\/wp-json\/wp\/v2\/media?parent=1008"}],"curies":[{"name":"wp","href":"https:\/\/api.w.org\/{rel}","templated":true}]}}